
{"id":20032,"date":"2022-12-20T11:06:39","date_gmt":"2022-12-20T17:06:39","guid":{"rendered":"https:\/\/amnistia.org.mx\/contenido\/?page_id=20032"},"modified":"2022-12-20T11:18:36","modified_gmt":"2022-12-20T17:18:36","slug":"promotora-de-telemarketing-medio-tiempo","status":"publish","type":"page","link":"https:\/\/amnistia.org.mx\/contenido\/index.php\/promotora-de-telemarketing-medio-tiempo\/","title":{"rendered":"Promotor(a) de Telemarketing (medio tiempo)"},"content":{"rendered":"\t\t<div data-elementor-type=\"wp-page\" data-elementor-id=\"20032\" class=\"elementor elementor-20032\">\n\t\t\t\t\t\t\t\t\t<section class=\"elementor-section elementor-top-section elementor-element elementor-element-200367b elementor-section-boxed elementor-section-height-default elementor-section-height-default\" data-id=\"200367b\" data-element_type=\"section\">\n\t\t\t\t\t\t<div class=\"elementor-container elementor-column-gap-default\">\n\t\t\t\t\t<div class=\"elementor-column elementor-col-100 elementor-top-column elementor-element elementor-element-671af93\" data-id=\"671af93\" data-element_type=\"column\">\n\t\t\t<div class=\"elementor-widget-wrap elementor-element-populated\">\n\t\t\t\t\t\t\t\t<div class=\"elementor-element elementor-element-a4723ff elementor-widget-divider--view-line elementor-widget elementor-widget-divider\" data-id=\"a4723ff\" data-element_type=\"widget\" data-widget_type=\"divider.default\">\n\t\t\t\t<div class=\"elementor-widget-container\">\n\t\t\t<style>\/*! elementor - v3.11.5 - 14-03-2023 *\/\n.elementor-widget-divider{--divider-border-style:none;--divider-border-width:1px;--divider-color:#0c0d0e;--divider-icon-size:20px;--divider-element-spacing:10px;--divider-pattern-height:24px;--divider-pattern-size:20px;--divider-pattern-url:none;--divider-pattern-repeat:repeat-x}.elementor-widget-divider .elementor-divider{display:flex}.elementor-widget-divider .elementor-divider__text{font-size:15px;line-height:1;max-width:95%}.elementor-widget-divider .elementor-divider__element{margin:0 var(--divider-element-spacing);flex-shrink:0}.elementor-widget-divider .elementor-icon{font-size:var(--divider-icon-size)}.elementor-widget-divider .elementor-divider-separator{display:flex;margin:0;direction:ltr}.elementor-widget-divider--view-line_icon .elementor-divider-separator,.elementor-widget-divider--view-line_text .elementor-divider-separator{align-items:center}.elementor-widget-divider--view-line_icon .elementor-divider-separator:after,.elementor-widget-divider--view-line_icon .elementor-divider-separator:before,.elementor-widget-divider--view-line_text .elementor-divider-separator:after,.elementor-widget-divider--view-line_text .elementor-divider-separator:before{display:block;content:\"\";border-bottom:0;flex-grow:1;border-top:var(--divider-border-width) var(--divider-border-style) var(--divider-color)}.elementor-widget-divider--element-align-left .elementor-divider .elementor-divider-separator>.elementor-divider__svg:first-of-type{flex-grow:0;flex-shrink:100}.elementor-widget-divider--element-align-left .elementor-divider-separator:before{content:none}.elementor-widget-divider--element-align-left .elementor-divider__element{margin-left:0}.elementor-widget-divider--element-align-right .elementor-divider .elementor-divider-separator>.elementor-divider__svg:last-of-type{flex-grow:0;flex-shrink:100}.elementor-widget-divider--element-align-right .elementor-divider-separator:after{content:none}.elementor-widget-divider--element-align-right .elementor-divider__element{margin-right:0}.elementor-widget-divider:not(.elementor-widget-divider--view-line_text):not(.elementor-widget-divider--view-line_icon) .elementor-divider-separator{border-top:var(--divider-border-width) var(--divider-border-style) var(--divider-color)}.elementor-widget-divider--separator-type-pattern{--divider-border-style:none}.elementor-widget-divider--separator-type-pattern.elementor-widget-divider--view-line .elementor-divider-separator,.elementor-widget-divider--separator-type-pattern:not(.elementor-widget-divider--view-line) .elementor-divider-separator:after,.elementor-widget-divider--separator-type-pattern:not(.elementor-widget-divider--view-line) .elementor-divider-separator:before,.elementor-widget-divider--separator-type-pattern:not([class*=elementor-widget-divider--view]) .elementor-divider-separator{width:100%;min-height:var(--divider-pattern-height);-webkit-mask-size:var(--divider-pattern-size) 100%;mask-size:var(--divider-pattern-size) 100%;-webkit-mask-repeat:var(--divider-pattern-repeat);mask-repeat:var(--divider-pattern-repeat);background-color:var(--divider-color);-webkit-mask-image:var(--divider-pattern-url);mask-image:var(--divider-pattern-url)}.elementor-widget-divider--no-spacing{--divider-pattern-size:auto}.elementor-widget-divider--bg-round{--divider-pattern-repeat:round}.rtl .elementor-widget-divider .elementor-divider__text{direction:rtl}.e-con-inner>.elementor-widget-divider,.e-con>.elementor-widget-divider{width:var(--container-widget-width,100%);--flex-grow:var(--container-widget-flex-grow)}<\/style>\t\t<div class=\"elementor-divider\">\n\t\t\t<span class=\"elementor-divider-separator\">\n\t\t\t\t\t\t<\/span>\n\t\t<\/div>\n\t\t\t\t<\/div>\n\t\t\t\t<\/div>\n\t\t\t\t\t<\/div>\n\t\t<\/div>\n\t\t\t\t\t\t\t<\/div>\n\t\t<\/section>\n\t\t\t\t<section class=\"elementor-section elementor-top-section elementor-element elementor-element-e4b2e1b elementor-section-boxed elementor-section-height-default elementor-section-height-default\" data-id=\"e4b2e1b\" data-element_type=\"section\">\n\t\t\t\t\t\t<div class=\"elementor-container elementor-column-gap-default\">\n\t\t\t\t\t<div class=\"elementor-column elementor-col-50 elementor-top-column elementor-element elementor-element-f253e23\" data-id=\"f253e23\" data-element_type=\"column\">\n\t\t\t<div class=\"elementor-widget-wrap elementor-element-populated\">\n\t\t\t\t\t\t\t\t<div class=\"elementor-element elementor-element-4e0bdeb elementor-widget elementor-widget-text-editor\" data-id=\"4e0bdeb\" data-element_type=\"widget\" data-widget_type=\"text-editor.default\">\n\t\t\t\t<div class=\"elementor-widget-container\">\n\t\t\t<style>\/*! elementor - v3.11.5 - 14-03-2023 *\/\n.elementor-widget-text-editor.elementor-drop-cap-view-stacked .elementor-drop-cap{background-color:#69727d;color:#fff}.elementor-widget-text-editor.elementor-drop-cap-view-framed .elementor-drop-cap{color:#69727d;border:3px solid;background-color:transparent}.elementor-widget-text-editor:not(.elementor-drop-cap-view-default) .elementor-drop-cap{margin-top:8px}.elementor-widget-text-editor:not(.elementor-drop-cap-view-default) .elementor-drop-cap-letter{width:1em;height:1em}.elementor-widget-text-editor .elementor-drop-cap{float:left;text-align:center;line-height:1;font-size:50px}.elementor-widget-text-editor .elementor-drop-cap-letter{display:inline-block}<\/style>\t\t\t\t<p><!-- wp:table --><\/p><figure class=\"wp-block-table\"><table><tbody><tr><td><strong>Prop\u00f3sito principal<\/strong><\/td><\/tr><tr><td><p>Contribuir al crecimiento econ\u00f3mico e institucional de Amnist\u00eda Internacional M\u00e9xico mediante la conversion de \u00a0leads a donantes recurrentes via telef\u00f3nica.<\/p><\/td><\/tr><\/tbody><\/table><\/figure><p><span style=\"color: #f7682f;\"><strong>Procedimiento de reclutamiento<\/strong><\/span><\/p><p><span style=\"font-size: 16px; font-family: var( --e-global-typography-text-font-family ), sans-serif;\">Enviar los siguientes documentos al correo: <b>vacantes.dialogodirecto@amnistia.org.mx\u00a0<\/b><\/span><\/p><ul><li>CV<\/li><li>Carta de presentaci\u00f3n y exposici\u00f3n de motivos<\/li><li>Dos referencias laborales (nombre y n\u00famero telef\u00f3nico del contacto)<\/li><\/ul><p style=\"margin: 0cm 0cm 0.0001pt; line-height: 115%; background-image: initial; background-position: initial; background-size: initial; background-repeat: initial; background-attachment: initial; background-origin: initial; background-clip: initial;\"><b><span lang=\"ES-TRAD\" style=\"font-family: 'Arial',sans-serif; mso-fareast-font-family: Calibri; mso-fareast-theme-font: minor-latin; color: #ff3300; mso-ansi-language: ES-TRAD; mso-fareast-language: EN-US;\">Colocar en el asunto del correo \u201cVacante: Persona Promotora de Telemarketing medio tiempo<\/span><\/b><b style=\"font-style: inherit;\"><span lang=\"ES-TRAD\" style=\"font-family: 'Arial',sans-serif; mso-fareast-font-family: Calibri; mso-fareast-theme-font: minor-latin; color: #ff3300; mso-ansi-language: ES-TRAD; mso-fareast-language: EN-US;\">\u201d\u00a0<\/span><\/b><\/p><p style=\"margin: 0cm 0cm 0.0001pt; line-height: 115%; background-image: initial; background-position: initial; background-size: initial; background-repeat: initial; background-attachment: initial; background-origin: initial; background-clip: initial;\"><b><span lang=\"ES-TRAD\" style=\"font-family: 'Arial',sans-serif; mso-fareast-font-family: Calibri; mso-fareast-theme-font: minor-latin; color: #ff3300; mso-ansi-language: ES-TRAD; mso-fareast-language: EN-US;\">\u00a0<\/span><\/b><\/p><p style=\"margin: 0cm 0cm 0.0001pt; line-height: 115%; background-image: initial; background-position: initial; background-size: initial; background-repeat: initial; background-attachment: initial; background-origin: initial; background-clip: initial;\"><b><span lang=\"ES-TRAD\" style=\"font-family: 'Arial',sans-serif; mso-fareast-font-family: Calibri; mso-fareast-theme-font: minor-latin; color: #ff3300; mso-ansi-language: ES-TRAD; mso-fareast-language: EN-US;\">S\u00f3lo se contactar\u00e1 a las personas que cumplan con el perfil que buscamos.<\/span><\/b><\/p><p style=\"margin: 0cm 0cm 0.0001pt; line-height: 115%; background-image: initial; background-position: initial; background-size: initial; background-repeat: initial; background-attachment: initial; background-origin: initial; background-clip: initial;\"><b><span lang=\"ES-TRAD\" style=\"font-family: 'Arial',sans-serif; mso-fareast-font-family: Calibri; mso-fareast-theme-font: minor-latin; color: #ff3300; mso-ansi-language: ES-TRAD; mso-fareast-language: EN-US;\">\u00a0<\/span><\/b><\/p><p style=\"margin: 0cm 0cm 0.0001pt; line-height: 115%; background-image: initial; background-position: initial; background-size: initial; background-repeat: initial; background-attachment: initial; background-origin: initial; background-clip: initial;\"><strong style=\"font-size: 16px; font-family: var( --e-global-typography-text-font-family ), sans-serif;\">\u00a0<\/strong><\/p><p style=\"margin: 0cm 0cm 0.0001pt; line-height: 115%; background-image: initial; background-position: initial; background-size: initial; background-repeat: initial; background-attachment: initial; background-origin: initial; background-clip: initial;\"><strong style=\"font-size: 16px; font-family: var( --e-global-typography-text-font-family ), sans-serif;\">\u00a0<\/strong><\/p><p style=\"margin: 0cm 0cm 0.0001pt; line-height: 115%; background-image: initial; background-position: initial; background-size: initial; background-repeat: initial; background-attachment: initial; background-origin: initial; background-clip: initial;\"><strong style=\"font-size: 16px; font-family: var( --e-global-typography-text-font-family ), sans-serif;\">Declaraci\u00f3n de no discriminaci\u00f3n<\/strong><\/p><p style=\"margin: 0cm 0cm 0.0001pt; line-height: 115%; background-image: initial; background-position: initial; background-size: initial; background-repeat: initial; background-attachment: initial; background-origin: initial; background-clip: initial;\"><i style=\"font-weight: inherit; font-family: var( --e-global-typography-text-font-family ), sans-serif;\">\u00a0<\/i><\/p><p style=\"margin: 0cm 0cm 0.0001pt; line-height: 115%; background-image: initial; background-position: initial; background-size: initial; background-repeat: initial; background-attachment: initial; background-origin: initial; background-clip: initial;\"><i style=\"font-weight: inherit; font-family: var( --e-global-typography-text-font-family ), sans-serif;\">\u00a0<\/i><\/p><p><i style=\"font-weight: inherit; font-family: var( --e-global-typography-text-font-family ), sans-serif;\">Amnist\u00eda Internacional es fuerte porque es diversa. Buscamos activamente a personas candidatas diversas y alentamos a que cualquier persona pueda postularse a nuestras vacantes. Amnist\u00eda Internacional no discrimina por motivos de discapacidad, edad, identidad y expresi\u00f3n de g\u00e9nero, nacionalidad, raza y etnia, creencias religiosas, orientaci\u00f3n sexual, entre otras. Damos la bienvenida a todo tipo de diversidad. En nuestro personal contamos con personas que provienen de una amplia gama de entornos socioecon\u00f3micos y perspectivas del mundo. Amnist\u00eda Internacional es una organizaci\u00f3n que ofrece igualdad de oportunidades.\u00a0<\/i><\/p><p><b style=\"font-style: inherit; font-family: var( --e-global-typography-text-font-family ), sans-serif;\">Acciones afirmativas para la selecci\u00f3n del personal acordes con las prioridades de la organizaci\u00f3n<\/b>\u00a0<\/p><p><i style=\"font-weight: inherit; font-family: var( --e-global-typography-text-font-family ), sans-serif;\">Tendr\u00e1n preferencia mujeres, disidencias sexuales y personas racializadas.<\/i>\u00a0<\/p><p><b style=\"font-style: inherit; font-family: var( --e-global-typography-text-font-family ), sans-serif;\">Conflictos de intereses<\/b>\u00a0<\/p><p><i style=\"font-weight: inherit; font-family: var( --e-global-typography-text-font-family ), sans-serif;\">Cualquier actividad p\u00fablica, afiliaci\u00f3n o apoyo a alg\u00fan grupo u organizaci\u00f3n, as\u00ed como la asociaci\u00f3n personal u otro factor que pueda suponer o generar un conflicto de intereses con los principios de Amnist\u00eda Internacional (en particular con la independencia e imparcialidad de la organizaci\u00f3n), plantear una preocupaci\u00f3n en asuntos de seguridad o evitar que el candidato pueda llevar a cabo sus funciones, podr\u00e1 suponer la descalificaci\u00f3n del mismo al puesto de trabajo descrito.<\/i><\/p>\t\t\t\t\t\t<\/div>\n\t\t\t\t<\/div>\n\t\t\t\t<div class=\"elementor-element elementor-element-20b6761 elementor-align-center elementor-widget elementor-widget-button\" data-id=\"20b6761\" data-element_type=\"widget\" data-widget_type=\"button.default\">\n\t\t\t\t<div class=\"elementor-widget-container\">\n\t\t\t\t\t<div class=\"elementor-button-wrapper\">\n\t\t\t<a href=\"https:\/\/amnistia.org.mx\/contenido\/wp-content\/uploads\/2022\/12\/Pefil_PromTMK_MT_16122022.pdf\" target=\"_blank\" class=\"elementor-button-link elementor-button elementor-size-lg\" role=\"button\">\n\t\t\t\t\t\t<span class=\"elementor-button-content-wrapper\">\n\t\t\t\t\t\t<span class=\"elementor-button-text\">Descripci\u00f3n completa<\/span>\n\t\t<\/span>\n\t\t\t\t\t<\/a>\n\t\t<\/div>\n\t\t\t\t<\/div>\n\t\t\t\t<\/div>\n\t\t\t\t\t<\/div>\n\t\t<\/div>\n\t\t\t\t<div class=\"elementor-column elementor-col-50 elementor-top-column elementor-element elementor-element-e839a6a\" data-id=\"e839a6a\" data-element_type=\"column\">\n\t\t\t<div class=\"elementor-widget-wrap\">\n\t\t\t\t\t\t\t\t\t<\/div>\n\t\t<\/div>\n\t\t\t\t\t\t\t<\/div>\n\t\t<\/section>\n\t\t\t\t<section class=\"elementor-section elementor-top-section elementor-element elementor-element-de890ea elementor-section-boxed elementor-section-height-default elementor-section-height-default\" data-id=\"de890ea\" data-element_type=\"section\">\n\t\t\t\t\t\t<div class=\"elementor-container elementor-column-gap-default\">\n\t\t\t\t\t<div class=\"elementor-column elementor-col-100 elementor-top-column elementor-element elementor-element-0e8667e\" data-id=\"0e8667e\" data-element_type=\"column\">\n\t\t\t<div class=\"elementor-widget-wrap\">\n\t\t\t\t\t\t\t\t\t<\/div>\n\t\t<\/div>\n\t\t\t\t\t\t\t<\/div>\n\t\t<\/section>\n\t\t\t\t\t\t\t<\/div>\n\t\t","protected":false},"excerpt":{"rendered":"<p>Prop\u00f3sito principal Contribuir al crecimiento econ\u00f3mico e institucional de Amnist\u00eda Internacional M\u00e9xico mediante la conversion de \u00a0leads a donantes recurrentes via telef\u00f3nica. Procedimiento de reclutamiento Enviar los siguientes documentos al &hellip;<\/p>\n<p class=\"read-more\"> <a class=\"\" href=\"https:\/\/amnistia.org.mx\/contenido\/index.php\/promotora-de-telemarketing-medio-tiempo\/\"> <span class=\"screen-reader-text\">Promotor(a) de Telemarketing (medio tiempo)<\/span> Leer m\u00e1s &raquo;<\/a><\/p>\n","protected":false},"author":1,"featured_media":0,"parent":0,"menu_order":0,"comment_status":"closed","ping_status":"closed","template":"","meta":{"_uf_show_specific_survey":0,"_uf_disable_surveys":false,"site-sidebar-layout":"no-sidebar","site-content-layout":"page-builder","ast-global-header-display":"","ast-main-header-display":"","ast-hfb-above-header-display":"","ast-hfb-below-header-display":"","ast-hfb-mobile-header-display":"","site-post-title":"disabled","ast-breadcrumbs-content":"","ast-featured-img":"disabled","footer-sml-layout":"","theme-transparent-header-meta":"","adv-header-id-meta":"","stick-header-meta":"","header-above-stick-meta":"","header-main-stick-meta":"","header-below-stick-meta":""},"acf":[],"aioseo_notices":[],"yoast_head":"<!-- This site is optimized with the Yoast SEO plugin v14.5 - https:\/\/yoast.com\/wordpress\/plugins\/seo\/ -->\n<title>Promotor(a) de Telemarketing (medio tiempo) - amnistia.org.mx<\/title>\n<meta name=\"robots\" content=\"index, follow\" \/>\n<meta name=\"googlebot\" content=\"index, follow, max-snippet:-1, max-image-preview:large, max-video-preview:-1\" \/>\n<meta name=\"bingbot\" content=\"index, follow, max-snippet:-1, max-image-preview:large, max-video-preview:-1\" \/>\n<link rel=\"canonical\" href=\"https:\/\/amnistia.org.mx\/contenido\/index.php\/promotora-de-telemarketing-medio-tiempo\/\" \/>\n<meta property=\"og:locale\" content=\"es_MX\" \/>\n<meta property=\"og:type\" content=\"article\" \/>\n<meta property=\"og:title\" content=\"Promotor(a) de Telemarketing (medio tiempo) - amnistia.org.mx\" \/>\n<meta property=\"og:description\" content=\"Prop\u00f3sito principal Contribuir al crecimiento econ\u00f3mico e institucional de Amnist\u00eda Internacional M\u00e9xico mediante la conversion de \u00a0leads a donantes recurrentes via telef\u00f3nica. Procedimiento de reclutamiento Enviar los siguientes documentos al &hellip; Promotor(a) de Telemarketing (medio tiempo) Leer m\u00e1s &raquo;\" \/>\n<meta property=\"og:url\" content=\"https:\/\/amnistia.org.mx\/contenido\/index.php\/promotora-de-telemarketing-medio-tiempo\/\" \/>\n<meta property=\"og:site_name\" content=\"amnistia.org.mx\" \/>\n<meta property=\"article:modified_time\" content=\"2022-12-20T17:18:36+00:00\" \/>\n<meta name=\"twitter:card\" content=\"summary_large_image\" \/>\n<script type=\"application\/ld+json\" class=\"yoast-schema-graph\">{\"@context\":\"https:\/\/schema.org\",\"@graph\":[{\"@type\":\"WebSite\",\"@id\":\"https:\/\/amnistia.org.mx\/contenido\/#website\",\"url\":\"https:\/\/amnistia.org.mx\/contenido\/\",\"name\":\"amnistia.org.mx\",\"description\":\"Nueva p\\u00e1gina de Amnist\\u00eda\",\"potentialAction\":[{\"@type\":\"SearchAction\",\"target\":\"https:\/\/amnistia.org.mx\/contenido\/?s={search_term_string}\",\"query-input\":\"required name=search_term_string\"}],\"inLanguage\":\"es-MX\"},{\"@type\":\"WebPage\",\"@id\":\"https:\/\/amnistia.org.mx\/contenido\/index.php\/promotora-de-telemarketing-medio-tiempo\/#webpage\",\"url\":\"https:\/\/amnistia.org.mx\/contenido\/index.php\/promotora-de-telemarketing-medio-tiempo\/\",\"name\":\"Promotor(a) de Telemarketing (medio tiempo) - amnistia.org.mx\",\"isPartOf\":{\"@id\":\"https:\/\/amnistia.org.mx\/contenido\/#website\"},\"datePublished\":\"2022-12-20T17:06:39+00:00\",\"dateModified\":\"2022-12-20T17:18:36+00:00\",\"breadcrumb\":{\"@id\":\"https:\/\/amnistia.org.mx\/contenido\/index.php\/promotora-de-telemarketing-medio-tiempo\/#breadcrumb\"},\"inLanguage\":\"es-MX\",\"potentialAction\":[{\"@type\":\"ReadAction\",\"target\":[\"https:\/\/amnistia.org.mx\/contenido\/index.php\/promotora-de-telemarketing-medio-tiempo\/\"]}]},{\"@type\":\"BreadcrumbList\",\"@id\":\"https:\/\/amnistia.org.mx\/contenido\/index.php\/promotora-de-telemarketing-medio-tiempo\/#breadcrumb\",\"itemListElement\":[{\"@type\":\"ListItem\",\"position\":1,\"item\":{\"@type\":\"WebPage\",\"@id\":\"https:\/\/amnistia.org.mx\/contenido\/\",\"url\":\"https:\/\/amnistia.org.mx\/contenido\/\",\"name\":\"Home\"}},{\"@type\":\"ListItem\",\"position\":2,\"item\":{\"@type\":\"WebPage\",\"@id\":\"https:\/\/amnistia.org.mx\/contenido\/index.php\/promotora-de-telemarketing-medio-tiempo\/\",\"url\":\"https:\/\/amnistia.org.mx\/contenido\/index.php\/promotora-de-telemarketing-medio-tiempo\/\",\"name\":\"Promotor(a) de Telemarketing (medio tiempo)\"}}]}]}<\/script>\n<!-- \/ Yoast SEO plugin. -->","_links":{"self":[{"href":"https:\/\/amnistia.org.mx\/contenido\/index.php\/wp-json\/wp\/v2\/pages\/20032"}],"collection":[{"href":"https:\/\/amnistia.org.mx\/contenido\/index.php\/wp-json\/wp\/v2\/pages"}],"about":[{"href":"https:\/\/amnistia.org.mx\/contenido\/index.php\/wp-json\/wp\/v2\/types\/page"}],"author":[{"embeddable":true,"href":"https:\/\/amnistia.org.mx\/contenido\/index.php\/wp-json\/wp\/v2\/users\/1"}],"replies":[{"embeddable":true,"href":"https:\/\/amnistia.org.mx\/contenido\/index.php\/wp-json\/wp\/v2\/comments?post=20032"}],"version-history":[{"count":4,"href":"https:\/\/amnistia.org.mx\/contenido\/index.php\/wp-json\/wp\/v2\/pages\/20032\/revisions"}],"predecessor-version":[{"id":20044,"href":"https:\/\/amnistia.org.mx\/contenido\/index.php\/wp-json\/wp\/v2\/pages\/20032\/revisions\/20044"}],"wp:attachment":[{"href":"https:\/\/amnistia.org.mx\/contenido\/index.php\/wp-json\/wp\/v2\/media?parent=20032"}],"curies":[{"name":"wp","href":"https:\/\/api.w.org\/{rel}","templated":true}]}}